{"id":18,"date":"2025-08-05T11:56:35","date_gmt":"2025-08-05T11:56:35","guid":{"rendered":"https:\/\/parkat.ro\/?page_id=18"},"modified":"2025-08-22T13:33:25","modified_gmt":"2025-08-22T13:33:25","slug":"despre-noi","status":"publish","type":"page","link":"https:\/\/parkat.ro\/?page_id=18","title":{"rendered":"Despre noi"},"content":{"rendered":"\t\t<div data-elementor-type=\"wp-page\" data-elementor-id=\"18\" class=\"elementor elementor-18\" data-elementor-post-type=\"page\">\n\t\t\t\t<div class=\"elementor-element elementor-element-210a04c e-flex e-con-boxed e-con e-parent\" data-id=\"210a04c\" data-element_type=\"container\">\n\t\t\t\t\t<div class=\"e-con-inner\">\n\t\t\t\t<div class=\"elementor-element elementor-element-825938d elementor-widget elementor-widget-text-editor\" data-id=\"825938d\" data-element_type=\"widget\" data-widget_type=\"text-editor.default\">\n\t\t\t\t\t\t\t\t\t<p data-start=\"218\" data-end=\"470\">La <strong data-start=\"221\" data-end=\"231\">PARKAT<\/strong> credem c\u0103 parcarea nu ar trebui s\u0103 fie o b\u0103taie de cap. Am creat un sistem integrat, modern \u0219i eficient, care transform\u0103 experien\u021ba parc\u0103rii \u00eentr-un proces simplu, rapid \u0219i sigur \u2013 pentru \u0219oferi, autorit\u0103\u021bi \u0219i administratori de parc\u0103ri.<\/p><p data-start=\"472\" data-end=\"799\">Dincolo de tehnologie, PARKAT \u00eenseamn\u0103 <strong data-start=\"511\" data-end=\"550\">\u00eencredere, transparen\u021b\u0103 \u0219i inova\u021bie<\/strong>. Ne-am propus s\u0103 digitaliz\u0103m \u0219i s\u0103 simplific\u0103m \u00eentreg mecanismul parc\u0103rilor cu plat\u0103, astfel \u00eenc\u00e2t fiecare utilizator s\u0103 aib\u0103 la dispozi\u021bie solu\u021bii clare \u0219i intuitive, iar administratorii s\u0103 beneficieze de un control complet asupra opera\u021biunilor.<\/p><h3 data-start=\"801\" data-end=\"846\">Solu\u021bii complete pentru parc\u0103ri moderne<\/h3><ul data-start=\"847\" data-end=\"1658\"><li data-start=\"847\" data-end=\"1046\"><p data-start=\"849\" data-end=\"1046\"><strong data-start=\"849\" data-end=\"875\">Abonamente inteligente<\/strong> \u2013 sistemul nostru gestioneaz\u0103 rapid \u0219i transparent abonamentele speciale (riverani, persoane cu dizabilit\u0103\u021bi, pres\u0103 etc.), cu fluxuri automatizate \u0219i verific\u0103ri sigure.<\/p><\/li><li data-start=\"1047\" data-end=\"1222\"><p data-start=\"1049\" data-end=\"1222\"><strong data-start=\"1049\" data-end=\"1083\">Parcometre de ultim\u0103 genera\u021bie<\/strong> \u2013 echipamente fiabile, alimentate solar, cu op\u021biuni de plat\u0103 flexibile (monede, carduri bancare) \u0219i raportare \u00een timp real c\u0103tre server.<\/p><\/li><li data-start=\"1223\" data-end=\"1441\"><p data-start=\"1225\" data-end=\"1441\"><strong data-start=\"1225\" data-end=\"1259\">Aplica\u021bie mobil\u0103 pentru \u0219oferi<\/strong> \u2013 disponibil\u0103 pe Android \u0219i iOS, ofer\u0103 posibilitatea de a pl\u0103ti parcarea prin card sau SMS, de a gestiona mai multe autovehicule \u0219i de a achizi\u021biona abonamente direct din telefon.<\/p><\/li><li data-start=\"1442\" data-end=\"1658\"><p data-start=\"1444\" data-end=\"1658\"><strong data-start=\"1444\" data-end=\"1479\">Monitorizare \u0219i control digital<\/strong> \u2013 cu ajutorul camerelor LPR de mare precizie \u0219i al aplica\u021biei dedicate agen\u021bilor, administratorii pot verifica pl\u0103\u021bile, emite amenzi \u0219i urm\u0103ri statusul parc\u0103rilor \u00een timp real.<\/p><\/li><\/ul><h3 data-start=\"1660\" data-end=\"1688\">De ce s\u0103 alegi PARKAT?<\/h3><p data-start=\"1689\" data-end=\"2038\">Pentru c\u0103 punem accent pe <strong data-start=\"1715\" data-end=\"1741\">siguran\u021b\u0103 \u0219i eficien\u021b\u0103<\/strong>. Parcometrele noastre sunt dotate cu sisteme antiefrac\u021bie \u0219i func\u021bii de monitorizare a resurselor (baterie, role de h\u00e2rtie etc.), ceea ce reduce costurile de mentenan\u021b\u0103. \u00cen acela\u0219i timp, aplica\u021biile PARKAT ofer\u0103 <strong data-start=\"1954\" data-end=\"1979\">u\u0219urin\u021b\u0103 \u00een utilizare<\/strong> \u0219i un nivel ridicat de confort pentru to\u021bi utilizatorii.<\/p><h3 data-start=\"2040\" data-end=\"2062\">Viziunea noastr\u0103<\/h3><p data-start=\"2063\" data-end=\"2338\">PARKAT \u00ee\u0219i propune s\u0103 devin\u0103 standardul \u00een administrarea parc\u0103rilor cu plat\u0103 din Rom\u00e2nia \u0219i nu numai. Prin tehnologie, inova\u021bie \u0219i aten\u021bie la detalii, vrem s\u0103 construim un sistem \u00een care parcarea s\u0103 fie nu doar o necesitate, ci o experien\u021b\u0103 simpl\u0103, corect\u0103 \u0219i digitalizat\u0103.<\/p>\t\t\t\t\t\t\t\t<\/div>\n\t\t\t\t\t<\/div>\n\t\t\t\t<\/div>\n\t\t\t\t<\/div>\n\t\t","protected":false},"excerpt":{"rendered":"<p>La PARKAT credem c\u0103 parcarea nu ar trebui s\u0103 fie o b\u0103taie de cap. Am creat un sistem integrat, modern \u0219i eficient, care transform\u0103 experien\u021ba parc\u0103rii \u00eentr-un proces simplu, rapid \u0219i sigur \u2013 pentru \u0219oferi, autorit\u0103\u021bi \u0219i administratori de parc\u0103ri. Dincolo de tehnologie, PARKAT \u00eenseamn\u0103 \u00eencredere, transparen\u021b\u0103 \u0219i inova\u021bie. Ne-am propus s\u0103 digitaliz\u0103m \u0219i s\u0103 [&hellip;]<\/p>\n","protected":false},"author":1,"featured_media":0,"parent":0,"menu_order":0,"comment_status":"closed","ping_status":"closed","template":"","meta":{"_acf_changed":false,"_monsterinsights_skip_tracking":false,"_monsterinsights_sitenote_active":false,"_monsterinsights_sitenote_note":"","_monsterinsights_sitenote_category":0,"footnotes":""},"class_list":["post-18","page","type-page","status-publish","hentry"],"acf":[],"aioseo_notices":[],"_links":{"self":[{"href":"https:\/\/parkat.ro\/index.php?rest_route=\/wp\/v2\/pages\/18","targetHints":{"allow":["GET"]}}],"collection":[{"href":"https:\/\/parkat.ro\/index.php?rest_route=\/wp\/v2\/pages"}],"about":[{"href":"https:\/\/parkat.ro\/index.php?rest_route=\/wp\/v2\/types\/page"}],"author":[{"embeddable":true,"href":"https:\/\/parkat.ro\/index.php?rest_route=\/wp\/v2\/users\/1"}],"replies":[{"embeddable":true,"href":"https:\/\/parkat.ro\/index.php?rest_route=%2Fwp%2Fv2%2Fcomments&post=18"}],"version-history":[{"count":6,"href":"https:\/\/parkat.ro\/index.php?rest_route=\/wp\/v2\/pages\/18\/revisions"}],"predecessor-version":[{"id":2583,"href":"https:\/\/parkat.ro\/index.php?rest_route=\/wp\/v2\/pages\/18\/revisions\/2583"}],"wp:attachment":[{"href":"https:\/\/parkat.ro\/index.php?rest_route=%2Fwp%2Fv2%2Fmedia&parent=18"}],"curies":[{"name":"wp","href":"https:\/\/api.w.org\/{rel}","templated":true}]}}