{"id":2507,"date":"2025-08-22T13:42:59","date_gmt":"2025-08-22T13:42:59","guid":{"rendered":"https:\/\/parkat.ro\/?page_id=2507"},"modified":"2025-09-07T16:23:37","modified_gmt":"2025-09-07T16:23:37","slug":"prezentare","status":"publish","type":"page","link":"https:\/\/parkat.ro\/?page_id=2507","title":{"rendered":"Prezentare"},"content":{"rendered":"\t\t<div data-elementor-type=\"wp-page\" data-elementor-id=\"2507\" class=\"elementor elementor-2507\" data-elementor-post-type=\"page\">\n\t\t\t\t<div class=\"elementor-element elementor-element-9cb2b0d e-flex e-con-boxed e-con e-parent\" data-id=\"9cb2b0d\" data-element_type=\"container\">\n\t\t\t\t\t<div class=\"e-con-inner\">\n\t\t\t\t<div class=\"elementor-element elementor-element-66468d5 elementor-widget elementor-widget-html\" data-id=\"66468d5\" data-element_type=\"widget\" data-widget_type=\"html.default\">\n\t\t\t\t\t<!-- Container aliniat sus -->\r\n<div style=\"display: flex; flex-direction: column; align-items: center; justify-content: flex-start; padding-top: 40px;\">\r\n\r\n  <!-- Link cu caracter de folder -->\r\n  <div style=\"margin-bottom: 10px; text-align: center;\">\r\n    <a href=\"\/?page_id=2622\" title=\"Vezi imagini\" style=\"font-size: 4rem; text-decoration: none;\" target=\"_blank\">\r\n      \ud83d\udcc1\r\n    <\/a>\r\n    <p style=\"margin-top: 5px; font-style: italic; color: #555;\">Click pe folder pentru vizualizarea imaginilor<\/p>\r\n  <\/div>\r\n\r\n  <!-- Articol cu imagine \u0219i buton de download -->\r\n  <div style=\"max-width: 600px; text-align: center;\">\r\n    <!-- Imagine cu link spre articol -->\r\n    <a href=\"https:\/\/prezi.com\/view\/6FOKrrXuWXdBJOmtfZqx\/?referral_token=kJvBwRlnB3FN\" target=\"_blank\">\r\n      <img decoding=\"async\" src=\"\/wp-content\/uploads\/2025\/09\/prezentare.jpg\" alt=\"Articol prezentare\" \r\n           style=\"width: 100%; border-radius: 8px; box-shadow: 0 2px 6px rgba(0,0,0,0.2);\">\r\n    <\/a>\r\n\r\n    <!-- Text sub imagine -->\r\n    <p style=\"margin-top: 10px; font-weight: bold;\">Prezentare sistem Prezi<\/p>\r\n    <p style=\"margin-top: 5px; font-style: italic; color: #555;\">Click pe imagine pentru prezentarea detaliat\u0103<\/p>\r\n\r\n    <!-- Text + Buton de download PDF -->\r\n    <div style=\"margin-top: 30px;\">\r\n      <p style=\"margin-bottom: 10px; font-weight: bold;\">Prezentare PDF<\/p>\r\n      <p style=\"margin-top: -5px; font-style: italic; color: #555;\">Click pe buton pentru a desc\u0103rca documentul<\/p>\r\n      <a href=\"\/wp-content\/uploads\/2025\/09\/prezentare_020925_pdf.pdf\" download \r\n         style=\"display: inline-block; padding: 10px 20px; background: #007bff; color: #fff; text-decoration: none; border-radius: 6px; margin-top: 10px;\">\r\n         Descarc\u0103\r\n      <\/a>\r\n    <\/div>\r\n  <\/div>\r\n\r\n<\/div>\r\n\t\t\t\t<\/div>\n\t\t\t\t\t<\/div>\n\t\t\t\t<\/div>\n\t\t\t\t<\/div>\n\t\t","protected":false},"excerpt":{"rendered":"<p>\ud83d\udcc1 Click pe folder pentru vizualizarea imaginilor Prezentare sistem Prezi Click pe imagine pentru prezentarea detaliat\u0103 Prezentare PDF Click pe buton pentru a desc\u0103rca documentul Descarc\u0103<\/p>\n","protected":false},"author":1,"featured_media":0,"parent":0,"menu_order":0,"comment_status":"closed","ping_status":"closed","template":"","meta":{"_acf_changed":false,"_monsterinsights_skip_tracking":false,"_monsterinsights_sitenote_active":false,"_monsterinsights_sitenote_note":"","_monsterinsights_sitenote_category":0,"footnotes":""},"class_list":["post-2507","page","type-page","status-publish","hentry"],"acf":[],"aioseo_notices":[],"_links":{"self":[{"href":"https:\/\/parkat.ro\/index.php?rest_route=\/wp\/v2\/pages\/2507","targetHints":{"allow":["GET"]}}],"collection":[{"href":"https:\/\/parkat.ro\/index.php?rest_route=\/wp\/v2\/pages"}],"about":[{"href":"https:\/\/parkat.ro\/index.php?rest_route=\/wp\/v2\/types\/page"}],"author":[{"embeddable":true,"href":"https:\/\/parkat.ro\/index.php?rest_route=\/wp\/v2\/users\/1"}],"replies":[{"embeddable":true,"href":"https:\/\/parkat.ro\/index.php?rest_route=%2Fwp%2Fv2%2Fcomments&post=2507"}],"version-history":[{"count":29,"href":"https:\/\/parkat.ro\/index.php?rest_route=\/wp\/v2\/pages\/2507\/revisions"}],"predecessor-version":[{"id":2695,"href":"https:\/\/parkat.ro\/index.php?rest_route=\/wp\/v2\/pages\/2507\/revisions\/2695"}],"wp:attachment":[{"href":"https:\/\/parkat.ro\/index.php?rest_route=%2Fwp%2Fv2%2Fmedia&parent=2507"}],"curies":[{"name":"wp","href":"https:\/\/api.w.org\/{rel}","templated":true}]}}