{"id":2610,"date":"2025-08-29T12:31:21","date_gmt":"2025-08-29T12:31:21","guid":{"rendered":"https:\/\/parkat.ro\/?page_id=2610"},"modified":"2025-08-29T12:32:49","modified_gmt":"2025-08-29T12:32:49","slug":"contact","status":"publish","type":"page","link":"https:\/\/parkat.ro\/?page_id=2610","title":{"rendered":"Contact"},"content":{"rendered":"\t\t<div data-elementor-type=\"wp-page\" data-elementor-id=\"2610\" class=\"elementor elementor-2610\" data-elementor-post-type=\"page\">\n\t\t\t\t<div class=\"elementor-element elementor-element-56a55c5 e-flex e-con-boxed e-con e-parent\" data-id=\"56a55c5\" data-element_type=\"container\">\n\t\t\t\t\t<div class=\"e-con-inner\">\n\t\t\t\t<div class=\"elementor-element elementor-element-c90ad1a elementor-widget elementor-widget-text-editor\" data-id=\"c90ad1a\" data-element_type=\"widget\" data-widget_type=\"text-editor.default\">\n\t\t\t\t\t\t\t\t\t<p data-start=\"213\" data-end=\"394\">Suntem aici pentru a r\u0103spunde rapid \u0219i eficient la toate \u00eentreb\u0103rile tale. Echipa <strong data-start=\"295\" data-end=\"305\">PARKAT<\/strong> \u00ee\u021bi st\u0103 la dispozi\u021bie prin mai multe canale de comunicare, \u00een func\u021bie de nevoile tale:<\/p><p data-start=\"396\" data-end=\"448\">\ud83d\udcde <strong data-start=\"399\" data-end=\"411\">Telefon:<\/strong> [___] <em data-start=\"418\" data-end=\"446\">(num\u0103r \u00een curs de alocare)<\/em><\/p><p data-start=\"450\" data-end=\"475\">\u2709\ufe0f <strong data-start=\"453\" data-end=\"473\">Adrese de email:<\/strong><\/p><ul data-start=\"476\" data-end=\"821\"><li data-start=\"476\" data-end=\"581\"><p data-start=\"478\" data-end=\"581\"><a class=\"decorated-link cursor-pointer\" rel=\"noopener\" data-start=\"478\" data-end=\"521\">office@parkat.ro<\/a> \u2013 pentru solicit\u0103ri generale \u0219i informa\u021bii administrative<\/p><\/li><li data-start=\"582\" data-end=\"697\"><p data-start=\"584\" data-end=\"697\"><a class=\"decorated-link cursor-pointer\" rel=\"noopener\" data-start=\"584\" data-end=\"627\">tehnic@parkat.ro<\/a> \u2013 pentru suport tehnic \u0219i asisten\u021b\u0103 \u00een utilizarea sistemului PARKAT<\/p><\/li><li data-start=\"698\" data-end=\"821\"><p data-start=\"700\" data-end=\"821\"><a class=\"decorated-link cursor-pointer\" rel=\"noopener\" data-start=\"700\" data-end=\"749\">comercial@parkat.ro<\/a> \u2013 pentru \u00eentreb\u0103ri legate de v\u00e2nz\u0103ri, abonamente \u0219i oferte comerciale<\/p><\/li><\/ul><p data-start=\"823\" data-end=\"999\">Fie c\u0103 ai nevoie de suport tehnic, informa\u021bii despre produsele \u0219i serviciile noastre sau pur \u0219i simplu vrei s\u0103 ne scrii, echipa noastr\u0103 \u00ee\u021bi va r\u0103spunde \u00een cel mai scurt timp.<\/p>\t\t\t\t\t\t\t\t<\/div>\n\t\t\t\t\t<\/div>\n\t\t\t\t<\/div>\n\t\t\t\t<\/div>\n\t\t","protected":false},"excerpt":{"rendered":"<p>Suntem aici pentru a r\u0103spunde rapid \u0219i eficient la toate \u00eentreb\u0103rile tale. Echipa PARKAT \u00ee\u021bi st\u0103 la dispozi\u021bie prin mai multe canale de comunicare, \u00een func\u021bie de nevoile tale: \ud83d\udcde Telefon: [___] (num\u0103r \u00een curs de alocare) \u2709\ufe0f Adrese de email: office@parkat.ro \u2013 pentru solicit\u0103ri generale \u0219i informa\u021bii administrative tehnic@parkat.ro \u2013 pentru suport tehnic \u0219i [&hellip;]<\/p>\n","protected":false},"author":1,"featured_media":0,"parent":0,"menu_order":0,"comment_status":"closed","ping_status":"closed","template":"","meta":{"_acf_changed":false,"_monsterinsights_skip_tracking":false,"_monsterinsights_sitenote_active":false,"_monsterinsights_sitenote_note":"","_monsterinsights_sitenote_category":0,"footnotes":""},"class_list":["post-2610","page","type-page","status-publish","hentry"],"acf":[],"aioseo_notices":[],"_links":{"self":[{"href":"https:\/\/parkat.ro\/index.php?rest_route=\/wp\/v2\/pages\/2610","targetHints":{"allow":["GET"]}}],"collection":[{"href":"https:\/\/parkat.ro\/index.php?rest_route=\/wp\/v2\/pages"}],"about":[{"href":"https:\/\/parkat.ro\/index.php?rest_route=\/wp\/v2\/types\/page"}],"author":[{"embeddable":true,"href":"https:\/\/parkat.ro\/index.php?rest_route=\/wp\/v2\/users\/1"}],"replies":[{"embeddable":true,"href":"https:\/\/parkat.ro\/index.php?rest_route=%2Fwp%2Fv2%2Fcomments&post=2610"}],"version-history":[{"count":3,"href":"https:\/\/parkat.ro\/index.php?rest_route=\/wp\/v2\/pages\/2610\/revisions"}],"predecessor-version":[{"id":2613,"href":"https:\/\/parkat.ro\/index.php?rest_route=\/wp\/v2\/pages\/2610\/revisions\/2613"}],"wp:attachment":[{"href":"https:\/\/parkat.ro\/index.php?rest_route=%2Fwp%2Fv2%2Fmedia&parent=2610"}],"curies":[{"name":"wp","href":"https:\/\/api.w.org\/{rel}","templated":true}]}}