{"id":2622,"date":"2025-08-29T12:37:56","date_gmt":"2025-08-29T12:37:56","guid":{"rendered":"https:\/\/parkat.ro\/?page_id=2622"},"modified":"2025-09-02T13:37:59","modified_gmt":"2025-09-02T13:37:59","slug":"imagini","status":"publish","type":"page","link":"https:\/\/parkat.ro\/?page_id=2622","title":{"rendered":"Imagini"},"content":{"rendered":"\t\t<div data-elementor-type=\"wp-page\" data-elementor-id=\"2622\" class=\"elementor elementor-2622\" data-elementor-post-type=\"page\">\n\t\t\t\t<div class=\"elementor-element elementor-element-3799b0e e-flex e-con-boxed e-con e-parent\" data-id=\"3799b0e\" data-element_type=\"container\">\n\t\t\t\t\t<div class=\"e-con-inner\">\n\t\t\t\t<div class=\"elementor-element elementor-element-08951a2 elementor-widget elementor-widget-text-editor\" data-id=\"08951a2\" data-element_type=\"widget\" data-widget_type=\"text-editor.default\">\n\t\t\t\t\t\t\t\t\t<p data-start=\"224\" data-end=\"339\">\u00cen aceast\u0103 sec\u021biune po\u021bi descoperi mai bine sistemul <strong data-start=\"277\" data-end=\"287\">PARKAT<\/strong>, at\u00e2t \u00een varianta digital\u0103, c\u00e2t \u0219i \u00een cea fizic\u0103.<\/p><p data-start=\"341\" data-end=\"597\">\ud83d\udcf1 <strong data-start=\"344\" data-end=\"369\">Capturi din aplica\u021bie<\/strong> \u2013 pentru a vedea c\u00e2t de simplu \u0219i intuitiv este s\u0103 pl\u0103te\u0219ti parcarea direct de pe telefon.<br data-start=\"460\" data-end=\"463\" \/>\ud83c\udd7f\ufe0f <strong data-start=\"467\" data-end=\"490\">Parcometrele PARKAT<\/strong> \u2013 imagini reale cu echipamentele noastre moderne, alimentate solar \u0219i dotate cu cele mai noi tehnologii.<\/p><p data-start=\"599\" data-end=\"767\">Scopul acestei pagini este s\u0103 \u00ee\u021bi ofere o privire de ansamblu asupra modului \u00een care solu\u021biile noastre func\u021bioneaz\u0103 \u00een practic\u0103, \u00eenainte chiar s\u0103 le testezi personal.<\/p>\t\t\t\t\t\t\t\t<\/div>\n\t\t\t\t<div class=\"elementor-element elementor-element-f58e729 elementor-widget elementor-widget-spacer\" data-id=\"f58e729\" data-element_type=\"widget\" data-widget_type=\"spacer.default\">\n\t\t\t\t\t\t\t<div class=\"elementor-spacer\">\n\t\t\t<div class=\"elementor-spacer-inner\"><\/div>\n\t\t<\/div>\n\t\t\t\t\t\t<\/div>\n\t\t\t\t<div class=\"elementor-element elementor-element-fdcb0b7 elementor-widget elementor-widget-gallery\" data-id=\"fdcb0b7\" data-element_type=\"widget\" data-settings=\"{&quot;aspect_ratio&quot;:&quot;1:1&quot;,&quot;lazyload&quot;:&quot;yes&quot;,&quot;gallery_layout&quot;:&quot;grid&quot;,&quot;columns&quot;:4,&quot;columns_tablet&quot;:2,&quot;columns_mobile&quot;:1,&quot;gap&quot;:{&quot;unit&quot;:&quot;px&quot;,&quot;size&quot;:10,&quot;sizes&quot;:[]},&quot;gap_tablet&quot;:{&quot;unit&quot;:&quot;px&quot;,&quot;size&quot;:10,&quot;sizes&quot;:[]},&quot;gap_mobile&quot;:{&quot;unit&quot;:&quot;px&quot;,&quot;size&quot;:10,&quot;sizes&quot;:[]},&quot;link_to&quot;:&quot;file&quot;,&quot;show_all_galleries&quot;:&quot;yes&quot;,&quot;overlay_background&quot;:&quot;yes&quot;,&quot;content_hover_animation&quot;:&quot;fade-in&quot;}\" data-widget_type=\"gallery.default\">\n\t\t\t\t<div class=\"elementor-widget-container\">\n\t\t\t\t\t\t\t\t<div class=\"elementor-gallery__titles-container e--pointer-underline e--animation-fade\" aria-label=\"Gallery filter\">\n\t\t\t\t\t\t\t\t\t<a class=\"elementor-item elementor-gallery-title\" role=\"button\" tabindex=\"0\" data-gallery-index=\"all\">\n\t\t\t\t\t\tToate\t\t\t\t\t<\/a>\n\t\t\t\t\n\t\t\t\t\t\t\t\t\t<a class=\"elementor-item elementor-gallery-title\" role=\"button\" tabindex=\"0\" data-gallery-index=\"0\">\n\t\t\t\t\t\tAplicatie\t\t\t\t\t<\/a>\n\t\t\t\t\t\t\t\t\t\t<a class=\"elementor-item elementor-gallery-title\" role=\"button\" tabindex=\"0\" data-gallery-index=\"1\">\n\t\t\t\t\t\tParcometre\t\t\t\t\t<\/a>\n\t\t\t\t\t\t\t\t<\/div>\n\t\t\t\t\t<div class=\"elementor-gallery__container\">\n\t\t\t\t\t\t\t<a class=\"e-gallery-item elementor-gallery-item elementor-animated-content\" data-e-gallery-tags=\"0\" href=\"https:\/\/parkat.ro\/wp-content\/uploads\/2025\/09\/WhatsApp-Image-2025-08-29-at-12.03.58-1.jpeg\" data-elementor-open-lightbox=\"yes\" data-elementor-lightbox-slideshow=\"fdcb0b7\" data-elementor-lightbox-title=\"WhatsApp Image 2025-08-29 at 12.03.58 (1)\" data-e-action-hash=\"#elementor-action%3Aaction%3Dlightbox%26settings%3DeyJpZCI6MjY0NywidXJsIjoiaHR0cHM6XC9cL3BhcmthdC5yb1wvd3AtY29udGVudFwvdXBsb2Fkc1wvMjAyNVwvMDlcL1doYXRzQXBwLUltYWdlLTIwMjUtMDgtMjktYXQtMTIuMDMuNTgtMS5qcGVnIiwic2xpZGVzaG93IjoiZmRjYjBiNyJ9\">\n\t\t\t\t\t<div class=\"e-gallery-image elementor-gallery-item__image\" data-thumbnail=\"https:\/\/parkat.ro\/wp-content\/uploads\/2025\/09\/WhatsApp-Image-2025-08-29-at-12.03.58-1.jpeg\" data-width=\"720\" data-height=\"1600\" aria-label=\"\" role=\"img\" ><\/div>\n\t\t\t\t\t\t\t\t\t\t\t<div class=\"elementor-gallery-item__overlay\"><\/div>\n\t\t\t\t\t\t\t\t\t\t\t\t\t\t<\/a>\n\t\t\t\t\t\t\t<a class=\"e-gallery-item elementor-gallery-item elementor-animated-content\" data-e-gallery-tags=\"0\" href=\"https:\/\/parkat.ro\/wp-content\/uploads\/2025\/09\/WhatsApp-Image-2025-08-29-at-12.03.58-2.jpeg\" data-elementor-open-lightbox=\"yes\" data-elementor-lightbox-slideshow=\"fdcb0b7\" data-elementor-lightbox-title=\"WhatsApp Image 2025-08-29 at 12.03.58 (2)\" data-e-action-hash=\"#elementor-action%3Aaction%3Dlightbox%26settings%3DeyJpZCI6MjY0OCwidXJsIjoiaHR0cHM6XC9cL3BhcmthdC5yb1wvd3AtY29udGVudFwvdXBsb2Fkc1wvMjAyNVwvMDlcL1doYXRzQXBwLUltYWdlLTIwMjUtMDgtMjktYXQtMTIuMDMuNTgtMi5qcGVnIiwic2xpZGVzaG93IjoiZmRjYjBiNyJ9\">\n\t\t\t\t\t<div class=\"e-gallery-image elementor-gallery-item__image\" data-thumbnail=\"https:\/\/parkat.ro\/wp-content\/uploads\/2025\/09\/WhatsApp-Image-2025-08-29-at-12.03.58-2.jpeg\" data-width=\"720\" data-height=\"1600\" aria-label=\"\" role=\"img\" ><\/div>\n\t\t\t\t\t\t\t\t\t\t\t<div class=\"elementor-gallery-item__overlay\"><\/div>\n\t\t\t\t\t\t\t\t\t\t\t\t\t\t<\/a>\n\t\t\t\t\t\t\t<a class=\"e-gallery-item elementor-gallery-item elementor-animated-content\" data-e-gallery-tags=\"0\" href=\"https:\/\/parkat.ro\/wp-content\/uploads\/2025\/09\/WhatsApp-Image-2025-08-29-at-12.03.58-3.jpeg\" data-elementor-open-lightbox=\"yes\" data-elementor-lightbox-slideshow=\"fdcb0b7\" data-elementor-lightbox-title=\"WhatsApp Image 2025-08-29 at 12.03.58 (3)\" data-e-action-hash=\"#elementor-action%3Aaction%3Dlightbox%26settings%3DeyJpZCI6MjY0OSwidXJsIjoiaHR0cHM6XC9cL3BhcmthdC5yb1wvd3AtY29udGVudFwvdXBsb2Fkc1wvMjAyNVwvMDlcL1doYXRzQXBwLUltYWdlLTIwMjUtMDgtMjktYXQtMTIuMDMuNTgtMy5qcGVnIiwic2xpZGVzaG93IjoiZmRjYjBiNyJ9\">\n\t\t\t\t\t<div class=\"e-gallery-image elementor-gallery-item__image\" data-thumbnail=\"https:\/\/parkat.ro\/wp-content\/uploads\/2025\/09\/WhatsApp-Image-2025-08-29-at-12.03.58-3.jpeg\" data-width=\"720\" data-height=\"1600\" aria-label=\"\" role=\"img\" ><\/div>\n\t\t\t\t\t\t\t\t\t\t\t<div class=\"elementor-gallery-item__overlay\"><\/div>\n\t\t\t\t\t\t\t\t\t\t\t\t\t\t<\/a>\n\t\t\t\t\t\t\t<a class=\"e-gallery-item elementor-gallery-item elementor-animated-content\" data-e-gallery-tags=\"0\" href=\"https:\/\/parkat.ro\/wp-content\/uploads\/2025\/09\/WhatsApp-Image-2025-08-29-at-12.03.58.jpeg\" data-elementor-open-lightbox=\"yes\" data-elementor-lightbox-slideshow=\"fdcb0b7\" data-elementor-lightbox-title=\"WhatsApp Image 2025-08-29 at 12.03.58\" data-e-action-hash=\"#elementor-action%3Aaction%3Dlightbox%26settings%3DeyJpZCI6MjY1MCwidXJsIjoiaHR0cHM6XC9cL3BhcmthdC5yb1wvd3AtY29udGVudFwvdXBsb2Fkc1wvMjAyNVwvMDlcL1doYXRzQXBwLUltYWdlLTIwMjUtMDgtMjktYXQtMTIuMDMuNTguanBlZyIsInNsaWRlc2hvdyI6ImZkY2IwYjcifQ%3D%3D\">\n\t\t\t\t\t<div class=\"e-gallery-image elementor-gallery-item__image\" data-thumbnail=\"https:\/\/parkat.ro\/wp-content\/uploads\/2025\/09\/WhatsApp-Image-2025-08-29-at-12.03.58.jpeg\" data-width=\"720\" data-height=\"1600\" aria-label=\"\" role=\"img\" ><\/div>\n\t\t\t\t\t\t\t\t\t\t\t<div class=\"elementor-gallery-item__overlay\"><\/div>\n\t\t\t\t\t\t\t\t\t\t\t\t\t\t<\/a>\n\t\t\t\t\t\t\t<a class=\"e-gallery-item elementor-gallery-item elementor-animated-content\" data-e-gallery-tags=\"0\" href=\"https:\/\/parkat.ro\/wp-content\/uploads\/2025\/09\/WhatsApp-Image-2025-08-29-at-12.05.11.jpeg\" data-elementor-open-lightbox=\"yes\" data-elementor-lightbox-slideshow=\"fdcb0b7\" data-elementor-lightbox-title=\"WhatsApp Image 2025-08-29 at 12.05.11\" data-e-action-hash=\"#elementor-action%3Aaction%3Dlightbox%26settings%3DeyJpZCI6MjY1MSwidXJsIjoiaHR0cHM6XC9cL3BhcmthdC5yb1wvd3AtY29udGVudFwvdXBsb2Fkc1wvMjAyNVwvMDlcL1doYXRzQXBwLUltYWdlLTIwMjUtMDgtMjktYXQtMTIuMDUuMTEuanBlZyIsInNsaWRlc2hvdyI6ImZkY2IwYjcifQ%3D%3D\">\n\t\t\t\t\t<div class=\"e-gallery-image elementor-gallery-item__image\" data-thumbnail=\"https:\/\/parkat.ro\/wp-content\/uploads\/2025\/09\/WhatsApp-Image-2025-08-29-at-12.05.11.jpeg\" data-width=\"685\" data-height=\"1600\" aria-label=\"\" role=\"img\" ><\/div>\n\t\t\t\t\t\t\t\t\t\t\t<div class=\"elementor-gallery-item__overlay\"><\/div>\n\t\t\t\t\t\t\t\t\t\t\t\t\t\t<\/a>\n\t\t\t\t\t\t\t<a class=\"e-gallery-item elementor-gallery-item elementor-animated-content\" data-e-gallery-tags=\"0\" href=\"https:\/\/parkat.ro\/wp-content\/uploads\/2025\/09\/WhatsApp-Image-2025-08-29-at-12.05.28.jpeg\" data-elementor-open-lightbox=\"yes\" data-elementor-lightbox-slideshow=\"fdcb0b7\" data-elementor-lightbox-title=\"WhatsApp Image 2025-08-29 at 12.05.28\" data-e-action-hash=\"#elementor-action%3Aaction%3Dlightbox%26settings%3DeyJpZCI6MjY1MiwidXJsIjoiaHR0cHM6XC9cL3BhcmthdC5yb1wvd3AtY29udGVudFwvdXBsb2Fkc1wvMjAyNVwvMDlcL1doYXRzQXBwLUltYWdlLTIwMjUtMDgtMjktYXQtMTIuMDUuMjguanBlZyIsInNsaWRlc2hvdyI6ImZkY2IwYjcifQ%3D%3D\">\n\t\t\t\t\t<div class=\"e-gallery-image elementor-gallery-item__image\" data-thumbnail=\"https:\/\/parkat.ro\/wp-content\/uploads\/2025\/09\/WhatsApp-Image-2025-08-29-at-12.05.28.jpeg\" data-width=\"685\" data-height=\"1600\" aria-label=\"\" role=\"img\" ><\/div>\n\t\t\t\t\t\t\t\t\t\t\t<div class=\"elementor-gallery-item__overlay\"><\/div>\n\t\t\t\t\t\t\t\t\t\t\t\t\t\t<\/a>\n\t\t\t\t\t\t\t<a class=\"e-gallery-item elementor-gallery-item elementor-animated-content\" data-e-gallery-tags=\"1\" href=\"https:\/\/parkat.ro\/wp-content\/uploads\/2025\/09\/WhatsApp-Image-2025-08-29-at-15.31.25-1.jpeg\" data-elementor-open-lightbox=\"yes\" data-elementor-lightbox-slideshow=\"fdcb0b7\" data-elementor-lightbox-title=\"WhatsApp Image 2025-08-29 at 15.31.25 (1)\" data-e-action-hash=\"#elementor-action%3Aaction%3Dlightbox%26settings%3DeyJpZCI6MjY1MywidXJsIjoiaHR0cHM6XC9cL3BhcmthdC5yb1wvd3AtY29udGVudFwvdXBsb2Fkc1wvMjAyNVwvMDlcL1doYXRzQXBwLUltYWdlLTIwMjUtMDgtMjktYXQtMTUuMzEuMjUtMS5qcGVnIiwic2xpZGVzaG93IjoiZmRjYjBiNyJ9\">\n\t\t\t\t\t<div class=\"e-gallery-image elementor-gallery-item__image\" data-thumbnail=\"https:\/\/parkat.ro\/wp-content\/uploads\/2025\/09\/WhatsApp-Image-2025-08-29-at-15.31.25-1.jpeg\" data-width=\"1600\" data-height=\"1600\" aria-label=\"\" role=\"img\" ><\/div>\n\t\t\t\t\t\t\t\t\t\t\t<div class=\"elementor-gallery-item__overlay\"><\/div>\n\t\t\t\t\t\t\t\t\t\t\t\t\t\t<\/a>\n\t\t\t\t\t\t\t<a class=\"e-gallery-item elementor-gallery-item elementor-animated-content\" data-e-gallery-tags=\"1\" href=\"https:\/\/parkat.ro\/wp-content\/uploads\/2025\/09\/WhatsApp-Image-2025-08-29-at-15.31.25-2.jpeg\" data-elementor-open-lightbox=\"yes\" data-elementor-lightbox-slideshow=\"fdcb0b7\" data-elementor-lightbox-title=\"WhatsApp Image 2025-08-29 at 15.31.25 (2)\" data-e-action-hash=\"#elementor-action%3Aaction%3Dlightbox%26settings%3DeyJpZCI6MjY1NCwidXJsIjoiaHR0cHM6XC9cL3BhcmthdC5yb1wvd3AtY29udGVudFwvdXBsb2Fkc1wvMjAyNVwvMDlcL1doYXRzQXBwLUltYWdlLTIwMjUtMDgtMjktYXQtMTUuMzEuMjUtMi5qcGVnIiwic2xpZGVzaG93IjoiZmRjYjBiNyJ9\">\n\t\t\t\t\t<div class=\"e-gallery-image elementor-gallery-item__image\" data-thumbnail=\"https:\/\/parkat.ro\/wp-content\/uploads\/2025\/09\/WhatsApp-Image-2025-08-29-at-15.31.25-2.jpeg\" data-width=\"1600\" data-height=\"1600\" aria-label=\"\" role=\"img\" ><\/div>\n\t\t\t\t\t\t\t\t\t\t\t<div class=\"elementor-gallery-item__overlay\"><\/div>\n\t\t\t\t\t\t\t\t\t\t\t\t\t\t<\/a>\n\t\t\t\t\t\t\t<a class=\"e-gallery-item elementor-gallery-item elementor-animated-content\" data-e-gallery-tags=\"1\" href=\"https:\/\/parkat.ro\/wp-content\/uploads\/2025\/09\/WhatsApp-Image-2025-08-29-at-15.31.25-3.jpeg\" data-elementor-open-lightbox=\"yes\" data-elementor-lightbox-slideshow=\"fdcb0b7\" data-elementor-lightbox-title=\"WhatsApp Image 2025-08-29 at 15.31.25 (3)\" data-e-action-hash=\"#elementor-action%3Aaction%3Dlightbox%26settings%3DeyJpZCI6MjY1NSwidXJsIjoiaHR0cHM6XC9cL3BhcmthdC5yb1wvd3AtY29udGVudFwvdXBsb2Fkc1wvMjAyNVwvMDlcL1doYXRzQXBwLUltYWdlLTIwMjUtMDgtMjktYXQtMTUuMzEuMjUtMy5qcGVnIiwic2xpZGVzaG93IjoiZmRjYjBiNyJ9\">\n\t\t\t\t\t<div class=\"e-gallery-image elementor-gallery-item__image\" data-thumbnail=\"https:\/\/parkat.ro\/wp-content\/uploads\/2025\/09\/WhatsApp-Image-2025-08-29-at-15.31.25-3.jpeg\" data-width=\"1600\" data-height=\"1600\" aria-label=\"\" role=\"img\" ><\/div>\n\t\t\t\t\t\t\t\t\t\t\t<div class=\"elementor-gallery-item__overlay\"><\/div>\n\t\t\t\t\t\t\t\t\t\t\t\t\t\t<\/a>\n\t\t\t\t\t\t\t<a class=\"e-gallery-item elementor-gallery-item elementor-animated-content\" data-e-gallery-tags=\"1\" href=\"https:\/\/parkat.ro\/wp-content\/uploads\/2025\/09\/WhatsApp-Image-2025-08-29-at-15.31.25-4.jpeg\" data-elementor-open-lightbox=\"yes\" data-elementor-lightbox-slideshow=\"fdcb0b7\" data-elementor-lightbox-title=\"WhatsApp Image 2025-08-29 at 15.31.25 (4)\" data-e-action-hash=\"#elementor-action%3Aaction%3Dlightbox%26settings%3DeyJpZCI6MjY1NiwidXJsIjoiaHR0cHM6XC9cL3BhcmthdC5yb1wvd3AtY29udGVudFwvdXBsb2Fkc1wvMjAyNVwvMDlcL1doYXRzQXBwLUltYWdlLTIwMjUtMDgtMjktYXQtMTUuMzEuMjUtNC5qcGVnIiwic2xpZGVzaG93IjoiZmRjYjBiNyJ9\">\n\t\t\t\t\t<div class=\"e-gallery-image elementor-gallery-item__image\" data-thumbnail=\"https:\/\/parkat.ro\/wp-content\/uploads\/2025\/09\/WhatsApp-Image-2025-08-29-at-15.31.25-4.jpeg\" data-width=\"1600\" data-height=\"1600\" aria-label=\"\" role=\"img\" ><\/div>\n\t\t\t\t\t\t\t\t\t\t\t<div class=\"elementor-gallery-item__overlay\"><\/div>\n\t\t\t\t\t\t\t\t\t\t\t\t\t\t<\/a>\n\t\t\t\t\t\t\t<a class=\"e-gallery-item elementor-gallery-item elementor-animated-content\" data-e-gallery-tags=\"1\" href=\"https:\/\/parkat.ro\/wp-content\/uploads\/2025\/09\/WhatsApp-Image-2025-08-29-at-15.31.25-5.jpeg\" data-elementor-open-lightbox=\"yes\" data-elementor-lightbox-slideshow=\"fdcb0b7\" data-elementor-lightbox-title=\"WhatsApp Image 2025-08-29 at 15.31.25 (5)\" data-e-action-hash=\"#elementor-action%3Aaction%3Dlightbox%26settings%3DeyJpZCI6MjY1NywidXJsIjoiaHR0cHM6XC9cL3BhcmthdC5yb1wvd3AtY29udGVudFwvdXBsb2Fkc1wvMjAyNVwvMDlcL1doYXRzQXBwLUltYWdlLTIwMjUtMDgtMjktYXQtMTUuMzEuMjUtNS5qcGVnIiwic2xpZGVzaG93IjoiZmRjYjBiNyJ9\">\n\t\t\t\t\t<div class=\"e-gallery-image elementor-gallery-item__image\" data-thumbnail=\"https:\/\/parkat.ro\/wp-content\/uploads\/2025\/09\/WhatsApp-Image-2025-08-29-at-15.31.25-5.jpeg\" data-width=\"1600\" data-height=\"1600\" aria-label=\"\" role=\"img\" ><\/div>\n\t\t\t\t\t\t\t\t\t\t\t<div class=\"elementor-gallery-item__overlay\"><\/div>\n\t\t\t\t\t\t\t\t\t\t\t\t\t\t<\/a>\n\t\t\t\t\t\t\t<a class=\"e-gallery-item elementor-gallery-item elementor-animated-content\" data-e-gallery-tags=\"1\" href=\"https:\/\/parkat.ro\/wp-content\/uploads\/2025\/09\/WhatsApp-Image-2025-08-29-at-15.31.25.jpeg\" data-elementor-open-lightbox=\"yes\" data-elementor-lightbox-slideshow=\"fdcb0b7\" data-elementor-lightbox-title=\"WhatsApp Image 2025-08-29 at 15.31.25\" data-e-action-hash=\"#elementor-action%3Aaction%3Dlightbox%26settings%3DeyJpZCI6MjY1OCwidXJsIjoiaHR0cHM6XC9cL3BhcmthdC5yb1wvd3AtY29udGVudFwvdXBsb2Fkc1wvMjAyNVwvMDlcL1doYXRzQXBwLUltYWdlLTIwMjUtMDgtMjktYXQtMTUuMzEuMjUuanBlZyIsInNsaWRlc2hvdyI6ImZkY2IwYjcifQ%3D%3D\">\n\t\t\t\t\t<div class=\"e-gallery-image elementor-gallery-item__image\" data-thumbnail=\"https:\/\/parkat.ro\/wp-content\/uploads\/2025\/09\/WhatsApp-Image-2025-08-29-at-15.31.25.jpeg\" data-width=\"1600\" data-height=\"1600\" aria-label=\"\" role=\"img\" ><\/div>\n\t\t\t\t\t\t\t\t\t\t\t<div class=\"elementor-gallery-item__overlay\"><\/div>\n\t\t\t\t\t\t\t\t\t\t\t\t\t\t<\/a>\n\t\t\t\t\t\t\t<a class=\"e-gallery-item elementor-gallery-item elementor-animated-content\" data-e-gallery-tags=\"1\" href=\"https:\/\/parkat.ro\/wp-content\/uploads\/2025\/09\/WhatsApp-Image-2025-08-29-at-15.31.26-1.jpeg\" data-elementor-open-lightbox=\"yes\" data-elementor-lightbox-slideshow=\"fdcb0b7\" data-elementor-lightbox-title=\"WhatsApp Image 2025-08-29 at 15.31.26 (1)\" data-e-action-hash=\"#elementor-action%3Aaction%3Dlightbox%26settings%3DeyJpZCI6MjY1OSwidXJsIjoiaHR0cHM6XC9cL3BhcmthdC5yb1wvd3AtY29udGVudFwvdXBsb2Fkc1wvMjAyNVwvMDlcL1doYXRzQXBwLUltYWdlLTIwMjUtMDgtMjktYXQtMTUuMzEuMjYtMS5qcGVnIiwic2xpZGVzaG93IjoiZmRjYjBiNyJ9\">\n\t\t\t\t\t<div class=\"e-gallery-image elementor-gallery-item__image\" data-thumbnail=\"https:\/\/parkat.ro\/wp-content\/uploads\/2025\/09\/WhatsApp-Image-2025-08-29-at-15.31.26-1.jpeg\" data-width=\"1600\" data-height=\"1600\" aria-label=\"\" role=\"img\" ><\/div>\n\t\t\t\t\t\t\t\t\t\t\t<div class=\"elementor-gallery-item__overlay\"><\/div>\n\t\t\t\t\t\t\t\t\t\t\t\t\t\t<\/a>\n\t\t\t\t\t\t\t<a class=\"e-gallery-item elementor-gallery-item elementor-animated-content\" data-e-gallery-tags=\"1\" href=\"https:\/\/parkat.ro\/wp-content\/uploads\/2025\/09\/WhatsApp-Image-2025-08-29-at-15.31.26-2.jpeg\" data-elementor-open-lightbox=\"yes\" data-elementor-lightbox-slideshow=\"fdcb0b7\" data-elementor-lightbox-title=\"WhatsApp Image 2025-08-29 at 15.31.26 (2)\" data-e-action-hash=\"#elementor-action%3Aaction%3Dlightbox%26settings%3DeyJpZCI6MjY2MCwidXJsIjoiaHR0cHM6XC9cL3BhcmthdC5yb1wvd3AtY29udGVudFwvdXBsb2Fkc1wvMjAyNVwvMDlcL1doYXRzQXBwLUltYWdlLTIwMjUtMDgtMjktYXQtMTUuMzEuMjYtMi5qcGVnIiwic2xpZGVzaG93IjoiZmRjYjBiNyJ9\">\n\t\t\t\t\t<div class=\"e-gallery-image elementor-gallery-item__image\" data-thumbnail=\"https:\/\/parkat.ro\/wp-content\/uploads\/2025\/09\/WhatsApp-Image-2025-08-29-at-15.31.26-2.jpeg\" data-width=\"1600\" data-height=\"1600\" aria-label=\"\" role=\"img\" ><\/div>\n\t\t\t\t\t\t\t\t\t\t\t<div class=\"elementor-gallery-item__overlay\"><\/div>\n\t\t\t\t\t\t\t\t\t\t\t\t\t\t<\/a>\n\t\t\t\t\t\t\t<a class=\"e-gallery-item elementor-gallery-item elementor-animated-content\" data-e-gallery-tags=\"1\" href=\"https:\/\/parkat.ro\/wp-content\/uploads\/2025\/09\/WhatsApp-Image-2025-08-29-at-15.31.26-3.jpeg\" data-elementor-open-lightbox=\"yes\" data-elementor-lightbox-slideshow=\"fdcb0b7\" data-elementor-lightbox-title=\"WhatsApp Image 2025-08-29 at 15.31.26 (3)\" data-e-action-hash=\"#elementor-action%3Aaction%3Dlightbox%26settings%3DeyJpZCI6MjY2MSwidXJsIjoiaHR0cHM6XC9cL3BhcmthdC5yb1wvd3AtY29udGVudFwvdXBsb2Fkc1wvMjAyNVwvMDlcL1doYXRzQXBwLUltYWdlLTIwMjUtMDgtMjktYXQtMTUuMzEuMjYtMy5qcGVnIiwic2xpZGVzaG93IjoiZmRjYjBiNyJ9\">\n\t\t\t\t\t<div class=\"e-gallery-image elementor-gallery-item__image\" data-thumbnail=\"https:\/\/parkat.ro\/wp-content\/uploads\/2025\/09\/WhatsApp-Image-2025-08-29-at-15.31.26-3.jpeg\" data-width=\"1600\" data-height=\"1600\" aria-label=\"\" role=\"img\" ><\/div>\n\t\t\t\t\t\t\t\t\t\t\t<div class=\"elementor-gallery-item__overlay\"><\/div>\n\t\t\t\t\t\t\t\t\t\t\t\t\t\t<\/a>\n\t\t\t\t\t\t\t<a class=\"e-gallery-item elementor-gallery-item elementor-animated-content\" data-e-gallery-tags=\"1\" href=\"https:\/\/parkat.ro\/wp-content\/uploads\/2025\/09\/WhatsApp-Image-2025-08-29-at-15.31.26.jpeg\" data-elementor-open-lightbox=\"yes\" data-elementor-lightbox-slideshow=\"fdcb0b7\" data-elementor-lightbox-title=\"WhatsApp Image 2025-08-29 at 15.31.26\" data-e-action-hash=\"#elementor-action%3Aaction%3Dlightbox%26settings%3DeyJpZCI6MjY2MiwidXJsIjoiaHR0cHM6XC9cL3BhcmthdC5yb1wvd3AtY29udGVudFwvdXBsb2Fkc1wvMjAyNVwvMDlcL1doYXRzQXBwLUltYWdlLTIwMjUtMDgtMjktYXQtMTUuMzEuMjYuanBlZyIsInNsaWRlc2hvdyI6ImZkY2IwYjcifQ%3D%3D\">\n\t\t\t\t\t<div class=\"e-gallery-image elementor-gallery-item__image\" data-thumbnail=\"https:\/\/parkat.ro\/wp-content\/uploads\/2025\/09\/WhatsApp-Image-2025-08-29-at-15.31.26.jpeg\" data-width=\"1600\" data-height=\"1600\" aria-label=\"\" role=\"img\" ><\/div>\n\t\t\t\t\t\t\t\t\t\t\t<div class=\"elementor-gallery-item__overlay\"><\/div>\n\t\t\t\t\t\t\t\t\t\t\t\t\t\t<\/a>\n\t\t\t\t\t<\/div>\n\t\t\t\t\t<\/div>\n\t\t\t\t<\/div>\n\t\t\t\t\t<\/div>\n\t\t\t\t<\/div>\n\t\t\t\t<\/div>\n\t\t","protected":false},"excerpt":{"rendered":"<p>\u00cen aceast\u0103 sec\u021biune po\u021bi descoperi mai bine sistemul PARKAT, at\u00e2t \u00een varianta digital\u0103, c\u00e2t \u0219i \u00een cea fizic\u0103. \ud83d\udcf1 Capturi din aplica\u021bie \u2013 pentru a vedea c\u00e2t de simplu \u0219i intuitiv este s\u0103 pl\u0103te\u0219ti parcarea direct de pe telefon.\ud83c\udd7f\ufe0f Parcometrele PARKAT \u2013 imagini reale cu echipamentele noastre moderne, alimentate solar \u0219i dotate cu cele mai [&hellip;]<\/p>\n","protected":false},"author":1,"featured_media":0,"parent":0,"menu_order":0,"comment_status":"closed","ping_status":"closed","template":"","meta":{"_acf_changed":false,"_monsterinsights_skip_tracking":false,"_monsterinsights_sitenote_active":false,"_monsterinsights_sitenote_note":"","_monsterinsights_sitenote_category":0,"footnotes":""},"class_list":["post-2622","page","type-page","status-publish","hentry"],"acf":[],"aioseo_notices":[],"_links":{"self":[{"href":"https:\/\/parkat.ro\/index.php?rest_route=\/wp\/v2\/pages\/2622","targetHints":{"allow":["GET"]}}],"collection":[{"href":"https:\/\/parkat.ro\/index.php?rest_route=\/wp\/v2\/pages"}],"about":[{"href":"https:\/\/parkat.ro\/index.php?rest_route=\/wp\/v2\/types\/page"}],"author":[{"embeddable":true,"href":"https:\/\/parkat.ro\/index.php?rest_route=\/wp\/v2\/users\/1"}],"replies":[{"embeddable":true,"href":"https:\/\/parkat.ro\/index.php?rest_route=%2Fwp%2Fv2%2Fcomments&post=2622"}],"version-history":[{"count":6,"href":"https:\/\/parkat.ro\/index.php?rest_route=\/wp\/v2\/pages\/2622\/revisions"}],"predecessor-version":[{"id":2665,"href":"https:\/\/parkat.ro\/index.php?rest_route=\/wp\/v2\/pages\/2622\/revisions\/2665"}],"wp:attachment":[{"href":"https:\/\/parkat.ro\/index.php?rest_route=%2Fwp%2Fv2%2Fmedia&parent=2622"}],"curies":[{"name":"wp","href":"https:\/\/api.w.org\/{rel}","templated":true}]}}